{"id":29,"date":"2024-05-24T11:43:18","date_gmt":"2024-05-24T11:43:18","guid":{"rendered":"http:\/\/ridl.pl\/?page_id=29"},"modified":"2024-05-27T06:29:58","modified_gmt":"2024-05-27T06:29:58","slug":"home-2","status":"publish","type":"page","link":"https:\/\/ridl.pl\/","title":{"rendered":"Home"},"content":{"rendered":"\n<div class=\"wp-block-uagb-container uagb-block-bbf39627 alignfull uagb-is-root-container\"><div class=\"uagb-container-inner-blocks-wrap\">\n<div class=\"wp-block-uagb-advanced-heading uagb-block-73e2eab2\"><h1 class=\"uagb-heading-text\">Ridl &#8211; Profesjonalne instalacje przemys\u0142owe<\/h1><p class=\"uagb-desc-text\">Innowacyjne rozwi\u0105zania dla bezpiecze\u0144stwa i efektywno\u015bci produkcji. Skontaktuj si\u0119 ju\u017c dzi\u015b!<\/p><\/div>\n\n\n\n<div class=\"wp-block-uagb-buttons uagb-buttons__outer-wrap uagb-btn__default-btn uagb-btn-tablet__default-btn uagb-btn-mobile__default-btn uagb-block-fb6d8b95\"><div class=\"uagb-buttons__wrap uagb-buttons-layout-wrap \">\n<div class=\"wp-block-uagb-buttons-child uagb-buttons__outer-wrap uagb-block-97dd61de wp-block-button\"><div class=\"uagb-button__wrapper\"><a class=\"uagb-buttons-repeater wp-block-button__link\" label=\"\" href=\"https:\/\/ridl.pl\/?page_id=33\" rel=\"follow noopener\" target=\"_self\" role=\"button\"><div class=\"uagb-button__link\">Skontaktuj si\u0119<\/div><\/a><\/div><\/div>\n<\/div><\/div>\n<\/div><\/div>\n\n\n\n<div class=\"wp-block-uagb-container uagb-block-e7866b07 alignfull uagb-is-root-container\"><div class=\"uagb-container-inner-blocks-wrap\">\n<div class=\"wp-block-uagb-advanced-heading uagb-block-0a58fff5\"><h2 class=\"uagb-heading-text\">G\u0142\u00f3wne Us\u0142ugi<\/h2><p class=\"uagb-desc-text\">Specjalistyczne monta\u017ce telewizji, okablowania, automatyki i instalacji elektrycznych, dopasowane do Twoich potrzeb.<\/p><\/div>\n\n\n\n<div class=\"wp-block-uagb-container uagb-block-e6570b78\">\n<div class=\"wp-block-uagb-container uagb-block-3d2cb4ef\">\n<div class=\"wp-block-uagb-image alignleft uagb-block-04cb61cf wp-block-uagb-image--layout-default wp-block-uagb-image--effect-static wp-block-uagb-image--align-left\"><figure class=\"wp-block-uagb-image__figure\"><img decoding=\"async\" srcset=\"https:\/\/ridl.pl\/wp-content\/uploads\/2024\/05\/306005258_388312176831348_2170018582904498014_n-2-1024x1024.jpg ,https:\/\/ridl.pl\/wp-content\/uploads\/2024\/05\/306005258_388312176831348_2170018582904498014_n-2.jpg 780w, https:\/\/ridl.pl\/wp-content\/uploads\/2024\/05\/306005258_388312176831348_2170018582904498014_n-2.jpg 360w\" sizes=\"auto, (max-width: 480px) 150px\" src=\"https:\/\/ridl.pl\/wp-content\/uploads\/2024\/05\/306005258_388312176831348_2170018582904498014_n-2-1024x1024.jpg\" alt=\"\" class=\"uag-image-1601\" width=\"600\" height=\"400\" title=\"306005258_388312176831348_2170018582904498014_n-2\" loading=\"lazy\" role=\"img\"\/><\/figure><\/div>\n\n\n\n<div class=\"wp-block-uagb-advanced-heading uagb-block-95fc88ef\"><h3 class=\"uagb-heading-text\">Telewizja Przemys\u0142owa<\/h3><p class=\"uagb-desc-text\">Monitorowanie bezpiecze\u0144stwa i proces\u00f3w produkcyjnych<\/p><\/div>\n<\/div>\n\n\n\n<div class=\"wp-block-uagb-container uagb-block-34c373cb\">\n<div class=\"wp-block-uagb-image alignleft uagb-block-ca7478d4 wp-block-uagb-image--layout-default wp-block-uagb-image--effect-static wp-block-uagb-image--align-left\"><figure class=\"wp-block-uagb-image__figure\"><img decoding=\"async\" srcset=\"https:\/\/ridl.pl\/wp-content\/uploads\/2024\/05\/zipwp-image-442150-1024x682.jpeg ,https:\/\/ridl.pl\/wp-content\/uploads\/2024\/05\/zipwp-image-442150.jpeg 780w, https:\/\/ridl.pl\/wp-content\/uploads\/2024\/05\/zipwp-image-442150.jpeg 360w\" sizes=\"auto, (max-width: 480px) 150px\" src=\"https:\/\/ridl.pl\/wp-content\/uploads\/2024\/05\/zipwp-image-442150-1024x682.jpeg\" alt=\"Electronics Engineer Fixing Cables on Server\" class=\"uag-image-1570\" width=\"600\" height=\"400\" title=\"zipwp-image-442150\" loading=\"lazy\" role=\"img\"\/><\/figure><\/div>\n\n\n\n<div class=\"wp-block-uagb-advanced-heading uagb-block-f7c52896\"><h3 class=\"uagb-heading-text\">Okablowanie Strukturalne<\/h3><p class=\"uagb-desc-text\">Infrastruktura sieciowa dla szybkiej transmisji danych<\/p><\/div>\n<\/div>\n\n\n\n<div class=\"wp-block-uagb-container uagb-block-5d3877ac\">\n<div class=\"wp-block-uagb-image alignleft uagb-block-906b8e18 wp-block-uagb-image--layout-default wp-block-uagb-image--effect-static wp-block-uagb-image--align-left\"><figure class=\"wp-block-uagb-image__figure\"><img decoding=\"async\" srcset=\"https:\/\/ridl.pl\/wp-content\/uploads\/2024\/05\/301937339_478250287176396_2276736965218970863_n-2-1024x1024.jpg ,https:\/\/ridl.pl\/wp-content\/uploads\/2024\/05\/301937339_478250287176396_2276736965218970863_n-2.jpg 780w, https:\/\/ridl.pl\/wp-content\/uploads\/2024\/05\/301937339_478250287176396_2276736965218970863_n-2.jpg 360w\" sizes=\"auto, (max-width: 480px) 150px\" src=\"https:\/\/ridl.pl\/wp-content\/uploads\/2024\/05\/301937339_478250287176396_2276736965218970863_n-2-1024x1024.jpg\" alt=\"\" class=\"uag-image-1602\" width=\"600\" height=\"400\" title=\"301937339_478250287176396_2276736965218970863_n-2\" loading=\"lazy\" role=\"img\"\/><\/figure><\/div>\n\n\n\n<div class=\"wp-block-uagb-advanced-heading uagb-block-6a1fdc68\"><h3 class=\"uagb-heading-text\">Automatyka Przemys\u0142owa<\/h3><p class=\"uagb-desc-text\">Optymalizacja proces\u00f3w produkcyjnych<\/p><\/div>\n<\/div>\n<\/div>\n<\/div><\/div>\n\n\n\n<div class=\"wp-block-uagb-container uagb-block-e75a8bc7 alignfull uagb-is-root-container\"><div class=\"uagb-container-inner-blocks-wrap\">\n<div class=\"wp-block-uagb-container uagb-block-6520c632\">\n<div class=\"wp-block-uagb-image alignleft uagb-block-d1572b39 wp-block-uagb-image--layout-default wp-block-uagb-image--effect-static wp-block-uagb-image--align-left\"><figure class=\"wp-block-uagb-image__figure\"><img decoding=\"async\" srcset=\"https:\/\/ridl.pl\/wp-content\/uploads\/2024\/05\/zipwp-image-1108572-1024x683.jpeg ,https:\/\/ridl.pl\/wp-content\/uploads\/2024\/05\/zipwp-image-1108572.jpeg 780w, https:\/\/ridl.pl\/wp-content\/uploads\/2024\/05\/zipwp-image-1108572.jpeg 360w\" sizes=\"auto, (max-width: 480px) 150px\" src=\"https:\/\/ridl.pl\/wp-content\/uploads\/2024\/05\/zipwp-image-1108572-1024x683.jpeg\" alt=\"Clear Light Bulb Planter on Gray Rock\" class=\"uag-image-1569\" width=\"600\" height=\"450\" title=\"zipwp-image-1108572\" loading=\"lazy\" role=\"img\"\/><\/figure><\/div>\n<\/div>\n\n\n\n<div class=\"wp-block-uagb-container uagb-block-bf753efa\">\n<div class=\"wp-block-uagb-advanced-heading uagb-block-8b828414\"><h2 class=\"uagb-heading-text\">O Firmie<\/h2><p class=\"uagb-desc-text\">Firma Ridl to eksperci w dziedzinie instalacji przemys\u0142owych. Specjalizujemy si\u0119 w monta\u017cu telewizji przemys\u0142owej, okablowaniu strukturalnym, automatyce przemys\u0142owej i instalacjach elektrycznych.<\/p><\/div>\n\n\n\n<div class=\"wp-block-uagb-advanced-heading uagb-block-5c745f98\"><p class=\"uagb-heading-text\">Nasza pasja do doskona\u0142o\u015bci i dba\u0142o\u015b\u0107 o detale sprawiaj\u0105, \u017ce ka\u017cdy projekt jest realizowany z perfekcj\u0105 i profesjonalizmem.<\/p><\/div>\n\n\n\n<div class=\"wp-block-uagb-icon-list uagb-block-814139ee\"><div class=\"uagb-icon-list__wrap\">\n<div class=\"wp-block-uagb-icon-list-child uagb-block-765991b7\"><span class=\"uagb-icon-list__source-wrap\"><svg xmlns=\"https:\/\/www.w3.org\/2000\/svg\" viewBox=\"0 0 512 512\"><path d=\"M0 256C0 114.6 114.6 0 256 0C397.4 0 512 114.6 512 256C512 397.4 397.4 512 256 512C114.6 512 0 397.4 0 256zM371.8 211.8C382.7 200.9 382.7 183.1 371.8 172.2C360.9 161.3 343.1 161.3 332.2 172.2L224 280.4L179.8 236.2C168.9 225.3 151.1 225.3 140.2 236.2C129.3 247.1 129.3 264.9 140.2 275.8L204.2 339.8C215.1 350.7 232.9 350.7 243.8 339.8L371.8 211.8z\"><\/path><\/svg><\/span><span class=\"uagb-icon-list__label\">Podziel si\u0119 statystykami lub osi\u0105gni\u0119ciami swojej firmy<\/span><\/div>\n\n\n\n<div class=\"wp-block-uagb-icon-list-child uagb-block-83ca6f36\"><span class=\"uagb-icon-list__source-wrap\"><svg xmlns=\"https:\/\/www.w3.org\/2000\/svg\" viewBox=\"0 0 512 512\"><path d=\"M0 256C0 114.6 114.6 0 256 0C397.4 0 512 114.6 512 256C512 397.4 397.4 512 256 512C114.6 512 0 397.4 0 256zM371.8 211.8C382.7 200.9 382.7 183.1 371.8 172.2C360.9 161.3 343.1 161.3 332.2 172.2L224 280.4L179.8 236.2C168.9 225.3 151.1 225.3 140.2 236.2C129.3 247.1 129.3 264.9 140.2 275.8L204.2 339.8C215.1 350.7 232.9 350.7 243.8 339.8L371.8 211.8z\"><\/path><\/svg><\/span><span class=\"uagb-icon-list__label\">Podziel si\u0119 statystykami lub osi\u0105gni\u0119ciami swojej firmy<\/span><\/div>\n\n\n\n<div class=\"wp-block-uagb-icon-list-child uagb-block-7bbbc787\"><span class=\"uagb-icon-list__source-wrap\"><svg xmlns=\"https:\/\/www.w3.org\/2000\/svg\" viewBox=\"0 0 512 512\"><path d=\"M0 256C0 114.6 114.6 0 256 0C397.4 0 512 114.6 512 256C512 397.4 397.4 512 256 512C114.6 512 0 397.4 0 256zM371.8 211.8C382.7 200.9 382.7 183.1 371.8 172.2C360.9 161.3 343.1 161.3 332.2 172.2L224 280.4L179.8 236.2C168.9 225.3 151.1 225.3 140.2 236.2C129.3 247.1 129.3 264.9 140.2 275.8L204.2 339.8C215.1 350.7 232.9 350.7 243.8 339.8L371.8 211.8z\"><\/path><\/svg><\/span><span class=\"uagb-icon-list__label\">Podziel si\u0119 statystykami lub osi\u0105gni\u0119ciami swojej firmy<\/span><\/div>\n<\/div><\/div>\n<\/div>\n<\/div><\/div>\n\n\n\n<div class=\"wp-block-uagb-container uagb-block-fd60b051 alignfull uagb-is-root-container\"><div class=\"uagb-container-inner-blocks-wrap\">\n<div class=\"wp-block-uagb-advanced-heading uagb-block-c38288e8\"><h2 class=\"uagb-heading-text\">Nasze Realizacje<\/h2><p class=\"uagb-desc-text\">Zapoznaj si\u0119 z naszymi zrealizowanymi projektami, kt\u00f3re potwierdzaj\u0105 nasze kompetencje i jako\u015b\u0107 dzia\u0142a\u0144.<\/p><\/div>\n<\/div><\/div>\n\n\n\n<div class=\"wp-block-uagb-container uagb-block-d11e5f78 alignfull uagb-is-root-container\">\n<div class=\"wp-block-uagb-container uagb-block-b956750c\">\n<div class=\"wp-block-uagb-container uagb-block-83172235\"><\/div>\n\n\n\n<div class=\"wp-block-uagb-container uagb-block-bb99b00d\">\n<div class=\"wp-block-uagb-container uagb-block-fb11859d\">\n<div class=\"wp-block-uagb-container uagb-block-0717e6b4\"><\/div>\n\n\n\n<div class=\"wp-block-uagb-container uagb-block-e408e87c\"><\/div>\n<\/div>\n\n\n\n<div class=\"wp-block-uagb-container uagb-block-ecdae82e\">\n<div class=\"wp-block-uagb-container uagb-block-dddb967b\"><\/div>\n\n\n\n<div class=\"wp-block-uagb-container uagb-block-6e911678\"><\/div>\n<\/div>\n<\/div>\n<\/div>\n<\/div>\n\n\n\n<div class=\"wp-block-uagb-container uagb-block-4f71b1d7 alignfull uagb-is-root-container\"><div class=\"uagb-container-inner-blocks-wrap\">\n<div class=\"wp-block-uagb-advanced-heading uagb-block-e28823c8\"><h2 class=\"uagb-heading-text\">Opinie Klient\u00f3w<\/h2><\/div>\n\n\n\n<div class=\"wp-block-uagb-container uagb-block-db45a034\">\n<div class=\"wp-block-uagb-container uagb-block-924196db\">\n<div class=\"wp-block-uagb-star-rating uagb-block-dbc5fdd1\"><div class=\"uag-star-rating\" title=\"5\/5\"><span class=\"uag-star\">\u2605<\/span><span class=\"uag-star\">\u2605<\/span><span class=\"uag-star\">\u2605<\/span><span class=\"uag-star\">\u2605<\/span><span class=\"uag-star\">\u2605<\/span><\/div><\/div>\n\n\n\n<div class=\"wp-block-uagb-advanced-heading uagb-block-6bd99a06\"><p class=\"uagb-desc-text\">Profesjonalny monta\u017c, dba\u0142o\u015b\u0107 o szczeg\u00f3\u0142y. Ridl gwarantuje bezpiecze\u0144stwo i jako\u015b\u0107.<\/p><\/div>\n\n\n\n<div class=\"wp-block-uagb-info-box uagb-block-46263639 uagb-infobox__content-wrap  uagb-infobox-icon-left uagb-infobox-left uagb-infobox-image-valign-middle wp-block-uagb-info-box--has-margin\"><div class=\"uagb-infobox-margin-wrapper\"><div class=\"uagb-ifb-image-content\"><img decoding=\"async\" src=\"http:\/\/ridl.pl\/wp-content\/uploads\/2023\/07\/teammate-skip-01.jpg\" alt=\"\" width=\"60\" height=\"60\" loading=\"lazy\"\/><\/div><div class=\"uagb-ifb-content\"><div class=\"uagb-ifb-title-wrap\"><\/div><p class=\"uagb-ifb-desc\">Adam Kowalski<\/p><\/div><\/div><\/div>\n<\/div>\n\n\n\n<div class=\"wp-block-uagb-container uagb-block-b0b83f51\">\n<div class=\"wp-block-uagb-star-rating uagb-block-5333c98d\"><div class=\"uag-star-rating\" title=\"5\/5\"><span class=\"uag-star\">\u2605<\/span><span class=\"uag-star\">\u2605<\/span><span class=\"uag-star\">\u2605<\/span><span class=\"uag-star\">\u2605<\/span><span class=\"uag-star\">\u2605<\/span><\/div><\/div>\n\n\n\n<div class=\"wp-block-uagb-advanced-heading uagb-block-b4692e70\"><p class=\"uagb-desc-text\">Pe\u0142en profesjonalizm i innowacyjne rozwi\u0105zania. Polecam ka\u017cdemu!<\/p><\/div>\n\n\n\n<div class=\"wp-block-uagb-info-box uagb-block-0ebbb876 uagb-infobox__content-wrap  uagb-infobox-icon-left uagb-infobox-left uagb-infobox-image-valign-middle wp-block-uagb-info-box--has-margin\"><div class=\"uagb-infobox-margin-wrapper\"><div class=\"uagb-ifb-image-content\"><img decoding=\"async\" src=\"http:\/\/ridl.pl\/wp-content\/uploads\/2023\/07\/teammate-skip-02.jpg\" alt=\"\" width=\"60\" height=\"60\" loading=\"lazy\"\/><\/div><div class=\"uagb-ifb-content\"><div class=\"uagb-ifb-title-wrap\"><\/div><p class=\"uagb-ifb-desc\">Anna Nowak<\/p><\/div><\/div><\/div>\n<\/div>\n\n\n\n<div class=\"wp-block-uagb-container uagb-block-8878ad7b\">\n<div class=\"wp-block-uagb-star-rating uagb-block-dd4c6e7a\"><div class=\"uag-star-rating\" title=\"5\/5\"><span class=\"uag-star\">\u2605<\/span><span class=\"uag-star\">\u2605<\/span><span class=\"uag-star\">\u2605<\/span><span class=\"uag-star\">\u2605<\/span><span class=\"uag-star\">\u2605<\/span><\/div><\/div>\n\n\n\n<div class=\"wp-block-uagb-advanced-heading uagb-block-d3e72589\"><p class=\"uagb-desc-text\">Wyj\u0105tkowa jako\u015b\u0107 us\u0142ug, dba\u0142o\u015b\u0107 o klienta. Ridl to pewny partner biznesowy.<\/p><\/div>\n\n\n\n<div class=\"wp-block-uagb-info-box uagb-block-47a84019 uagb-infobox__content-wrap  uagb-infobox-icon-left uagb-infobox-left uagb-infobox-image-valign-middle wp-block-uagb-info-box--has-margin\"><div class=\"uagb-infobox-margin-wrapper\"><div class=\"uagb-ifb-image-content\"><img decoding=\"async\" src=\"http:\/\/ridl.pl\/wp-content\/uploads\/2023\/07\/teammate-skip-03.jpg\" alt=\"\" width=\"60\" height=\"60\" loading=\"lazy\"\/><\/div><div class=\"uagb-ifb-content\"><div class=\"uagb-ifb-title-wrap\"><\/div><p class=\"uagb-ifb-desc\"><strong><strong>Maria W\u00f3jcik<\/strong><\/strong><\/p><\/div><\/div><\/div>\n<\/div>\n<\/div>\n<\/div><\/div>\n\n\n\n<div class=\"wp-block-uagb-container uagb-block-2a9574c8 alignfull uagb-is-root-container\"><div class=\"uagb-container-inner-blocks-wrap\">\n<div class=\"wp-block-uagb-info-box uagb-block-871f6ba5 uagb-infobox__content-wrap  uagb-infobox-icon-above-title uagb-infobox-image-valign-top\">\n<div class=\"uagb-ifb-content\">\n<div class=\"uagb-ifb-title-wrap\">\n<h2 class=\"uagb-ifb-title\" style=\"text-align: center;\">Skorzystaj z Naszych Us\u0142ug<\/h2>\n<\/div>\n<p class=\"uagb-ifb-desc\" style=\"text-align: center;\">Nie czekaj d\u0142u\u017cej! Skontaktuj si\u0119 z nami, aby otrzyma\u0107 profesjonalne i kompleksowe rozwi\u0105zania instalacyjne.<\/p>\n<div class=\"uagb-ifb-button-wrapper wp-block-button\" style=\"text-align: center;\"><a class=\"uagb-infobox-cta-link wp-block-button__link\" href=\"http:\/\/ridl.pl\/?page_id=33\" target=\"_self\" rel=\"noopener noreferrer\"><span class=\"uagb-inline-editing\">Skontaktuj si\u0119<\/span><\/a><\/div>\n<\/div>\n<\/div>\n<\/div><\/div>\n","protected":false},"excerpt":{"rendered":"<p>Ridl &#8211; Profesjonalne instalacje przemys\u0142owe Innowacyjne rozwi\u0105zania dla bezpiecze\u0144stwa i efektywno\u015bci produkcji. Skontaktuj si\u0119 ju\u017c dzi\u015b! G\u0142\u00f3wne Us\u0142ugi Specjalistyczne monta\u017ce [&hellip;]<\/p>\n","protected":false},"author":9,"featured_media":0,"parent":0,"menu_order":0,"comment_status":"closed","ping_status":"closed","template":"","meta":{"_uag_custom_page_level_css":"","site-sidebar-layout":"default","site-content-layout":"page-builder","ast-site-content-layout":"full-width-container","site-content-style":"unboxed","site-sidebar-style":"unboxed","ast-global-header-display":"","ast-banner-title-visibility":"","ast-main-header-display":"","ast-hfb-above-header-display":"","ast-hfb-below-header-display":"","ast-hfb-mobile-header-display":"","site-post-title":"disabled","ast-breadcrumbs-content":"","ast-featured-img":"","footer-sml-layout":"","ast-disable-related-posts":"","theme-transparent-header-meta":"","adv-header-id-meta":"","stick-header-meta":"","header-above-stick-meta":"","header-main-stick-meta":"","header-below-stick-meta":"","astra-migrate-meta-layouts":"set","ast-page-background-enabled":"default","ast-page-background-meta":{"desktop":{"background-color":"var(--ast-global-color-5)","background-image":"","background-repeat":"repeat","background-position":"center center","background-size":"auto","background-attachment":"scroll","background-type":"","background-media":"","overlay-type":"","overlay-color":"","overlay-opacity":"","overlay-gradient":""},"tablet":{"background-color":"","background-image":"","background-repeat":"repeat","background-position":"center center","background-size":"auto","background-attachment":"scroll","background-type":"","background-media":"","overlay-type":"","overlay-color":"","overlay-opacity":"","overlay-gradient":""},"mobile":{"background-color":"","background-image":"","background-repeat":"repeat","background-position":"center center","background-size":"auto","background-attachment":"scroll","background-type":"","background-media":"","overlay-type":"","overlay-color":"","overlay-opacity":"","overlay-gradient":""}},"ast-content-background-meta":{"desktop":{"background-color":"var(--ast-global-color-4)","background-image":"","background-repeat":"repeat","background-position":"center center","background-size":"auto","background-attachment":"scroll","background-type":"","background-media":"","overlay-type":"","overlay-color":"","overlay-opacity":"","overlay-gradient":""},"tablet":{"background-color":"var(--ast-global-color-4)","background-image":"","background-repeat":"repeat","background-position":"center center","background-size":"auto","background-attachment":"scroll","background-type":"","background-media":"","overlay-type":"","overlay-color":"","overlay-opacity":"","overlay-gradient":""},"mobile":{"background-color":"var(--ast-global-color-4)","background-image":"","background-repeat":"repeat","background-position":"center center","background-size":"auto","background-attachment":"scroll","background-type":"","background-media":"","overlay-type":"","overlay-color":"","overlay-opacity":"","overlay-gradient":""}},"footnotes":""},"class_list":["post-29","page","type-page","status-publish","hentry"],"uagb_featured_image_src":{"full":false,"thumbnail":false,"medium":false,"medium_large":false,"large":false,"1536x1536":false,"2048x2048":false},"uagb_author_info":{"display_name":"sJhZDGgrjQLD","author_link":"https:\/\/ridl.pl\/?author=9"},"uagb_comment_info":0,"uagb_excerpt":"Ridl &#8211; Profesjonalne instalacje przemys\u0142owe Innowacyjne rozwi\u0105zania dla bezpiecze\u0144stwa i efektywno\u015bci produkcji. Skontaktuj si\u0119 ju\u017c dzi\u015b! G\u0142\u00f3wne Us\u0142ugi Specjalistyczne monta\u017ce [&hellip;]","_links":{"self":[{"href":"https:\/\/ridl.pl\/index.php?rest_route=\/wp\/v2\/pages\/29","targetHints":{"allow":["GET"]}}],"collection":[{"href":"https:\/\/ridl.pl\/index.php?rest_route=\/wp\/v2\/pages"}],"about":[{"href":"https:\/\/ridl.pl\/index.php?rest_route=\/wp\/v2\/types\/page"}],"author":[{"embeddable":true,"href":"https:\/\/ridl.pl\/index.php?rest_route=\/wp\/v2\/users\/9"}],"replies":[{"embeddable":true,"href":"https:\/\/ridl.pl\/index.php?rest_route=%2Fwp%2Fv2%2Fcomments&post=29"}],"version-history":[{"count":7,"href":"https:\/\/ridl.pl\/index.php?rest_route=\/wp\/v2\/pages\/29\/revisions"}],"predecessor-version":[{"id":1612,"href":"https:\/\/ridl.pl\/index.php?rest_route=\/wp\/v2\/pages\/29\/revisions\/1612"}],"wp:attachment":[{"href":"https:\/\/ridl.pl\/index.php?rest_route=%2Fwp%2Fv2%2Fmedia&parent=29"}],"curies":[{"name":"wp","href":"https:\/\/api.w.org\/{rel}","templated":true}]}}