{"id":31,"date":"2024-05-24T11:43:19","date_gmt":"2024-05-24T11:43:19","guid":{"rendered":"http:\/\/ridl.pl\/?page_id=31"},"modified":"2024-05-26T11:24:15","modified_gmt":"2024-05-26T11:24:15","slug":"services","status":"publish","type":"page","link":"https:\/\/ridl.pl\/?page_id=31","title":{"rendered":"Services"},"content":{"rendered":"\n<div class=\"wp-block-uagb-container uagb-block-4ff1178c alignfull uagb-is-root-container\"><div class=\"uagb-container-inner-blocks-wrap\">\n<div class=\"wp-block-uagb-advanced-heading uagb-block-cd6d7bc4\"><h1 class=\"uagb-heading-text\">Nasze Us\u0142ugi<\/h1><\/div>\n<\/div><\/div>\n\n\n\n<div class=\"wp-block-uagb-container uagb-block-fd4a3053 alignfull uagb-is-root-container\"><div class=\"uagb-container-inner-blocks-wrap\">\n<div class=\"wp-block-uagb-advanced-heading uagb-block-1d54974c\"><h2 class=\"uagb-heading-text\">G\u0142\u00f3wne Us\u0142ugi<\/h2><\/div>\n\n\n\n<div class=\"wp-block-uagb-container uagb-block-6dfd2085\">\n<div class=\"wp-block-uagb-container uagb-block-688f5efc\">\n<div class=\"wp-block-uagb-image alignleft uagb-block-86653dc4 wp-block-uagb-image--layout-default wp-block-uagb-image--effect-static wp-block-uagb-image--align-left\"><figure class=\"wp-block-uagb-image__figure\"><img decoding=\"async\" srcset=\"https:\/\/ridl.pl\/wp-content\/uploads\/2024\/05\/306005258_388312176831348_2170018582904498014_n-3-1024x1024.jpg ,https:\/\/ridl.pl\/wp-content\/uploads\/2024\/05\/306005258_388312176831348_2170018582904498014_n-3.jpg 780w, https:\/\/ridl.pl\/wp-content\/uploads\/2024\/05\/306005258_388312176831348_2170018582904498014_n-3.jpg 360w\" sizes=\"auto, (max-width: 480px) 150px\" src=\"https:\/\/ridl.pl\/wp-content\/uploads\/2024\/05\/306005258_388312176831348_2170018582904498014_n-3-1024x1024.jpg\" alt=\"\" class=\"uag-image-1604\" width=\"600\" height=\"350\" title=\"306005258_388312176831348_2170018582904498014_n-3\" loading=\"lazy\" role=\"img\"\/><\/figure><\/div>\n\n\n\n<div class=\"wp-block-uagb-advanced-heading uagb-block-a9628216\"><h3 class=\"uagb-heading-text\">Telewizja Przemys\u0142owa<\/h3><p class=\"uagb-desc-text\">Zapewniamy profesjonalne doradztwo, monta\u017c nowoczesnych system\u00f3w monitoringu oraz wsparcie techniczne, daj\u0105c Ci pe\u0142ny wgl\u0105d w dzia\u0142anie przedsi\u0119biorstwa i produkcj\u0119.<\/p><\/div>\n<\/div>\n\n\n\n<div class=\"wp-block-uagb-container uagb-block-bcecf630\">\n<div class=\"wp-block-uagb-image alignleft uagb-block-2fdd2037 wp-block-uagb-image--layout-default wp-block-uagb-image--effect-static wp-block-uagb-image--align-left\"><figure class=\"wp-block-uagb-image__figure\"><img decoding=\"async\" srcset=\"https:\/\/ridl.pl\/wp-content\/uploads\/2024\/05\/zipwp-image-442150-1024x682.jpeg ,https:\/\/ridl.pl\/wp-content\/uploads\/2024\/05\/zipwp-image-442150.jpeg 780w, https:\/\/ridl.pl\/wp-content\/uploads\/2024\/05\/zipwp-image-442150.jpeg 360w\" sizes=\"auto, (max-width: 480px) 150px\" src=\"https:\/\/ridl.pl\/wp-content\/uploads\/2024\/05\/zipwp-image-442150-1024x682.jpeg\" alt=\"Electronics Engineer Fixing Cables on Server\" class=\"uag-image-1570\" width=\"600\" height=\"350\" title=\"zipwp-image-442150\" loading=\"lazy\" role=\"img\"\/><\/figure><\/div>\n\n\n\n<div class=\"wp-block-uagb-advanced-heading uagb-block-3a66f6da\"><h3 class=\"uagb-heading-text\">Okablowanie Strukturalne<\/h3><p class=\"uagb-desc-text\">Zapewniamy skalowalne i niezawodne okablowanie, minimalizuj\u0105ce ryzyko awarii oraz przygotowane na przysz\u0142e potrzeby, zapewniaj\u0105ce efektywn\u0105 infrastruktur\u0119 sieciow\u0105.<\/p><\/div>\n<\/div>\n\n\n\n<div class=\"wp-block-uagb-container uagb-block-9ece309e\">\n<div class=\"wp-block-uagb-image alignleft uagb-block-4271067e wp-block-uagb-image--layout-default wp-block-uagb-image--effect-static wp-block-uagb-image--align-left\"><figure class=\"wp-block-uagb-image__figure\"><img decoding=\"async\" srcset=\"https:\/\/ridl.pl\/wp-content\/uploads\/2024\/05\/301937339_478250287176396_2276736965218970863_n-3-1024x1024.jpg ,https:\/\/ridl.pl\/wp-content\/uploads\/2024\/05\/301937339_478250287176396_2276736965218970863_n-3.jpg 780w, https:\/\/ridl.pl\/wp-content\/uploads\/2024\/05\/301937339_478250287176396_2276736965218970863_n-3.jpg 360w\" sizes=\"auto, (max-width: 480px) 150px\" src=\"https:\/\/ridl.pl\/wp-content\/uploads\/2024\/05\/301937339_478250287176396_2276736965218970863_n-3-1024x1024.jpg\" alt=\"\" class=\"uag-image-1605\" width=\"600\" height=\"350\" title=\"301937339_478250287176396_2276736965218970863_n-3\" loading=\"lazy\" role=\"img\"\/><\/figure><\/div>\n\n\n\n<div class=\"wp-block-uagb-advanced-heading uagb-block-4afb6a4c\"><h3 class=\"uagb-heading-text\">Automatyka Przemys\u0142owa<\/h3><p class=\"uagb-desc-text\">Nasze rozwi\u0105zania automatyzacyjne pozwalaj\u0105 zwi\u0119kszy\u0107 wydajno\u015b\u0107 produkcji, minimalizowa\u0107 czas przestoj\u00f3w oraz zoptymalizowa\u0107 zu\u017cycie energii, poprawiaj\u0105c efektywno\u015b\u0107 zak\u0142adu produkcyjnego.<\/p><\/div>\n<\/div>\n\n\n\n<div class=\"wp-block-uagb-container uagb-block-14bfbaa4\">\n<div class=\"wp-block-uagb-image alignleft uagb-block-dc1134e2 wp-block-uagb-image--layout-default wp-block-uagb-image--effect-static wp-block-uagb-image--align-left\"><figure class=\"wp-block-uagb-image__figure\"><img decoding=\"async\" srcset=\"https:\/\/ridl.pl\/wp-content\/uploads\/2024\/05\/120096252_979869299198276_1576111934215233786_n-1-1024x1024.jpg ,https:\/\/ridl.pl\/wp-content\/uploads\/2024\/05\/120096252_979869299198276_1576111934215233786_n-1.jpg 780w, https:\/\/ridl.pl\/wp-content\/uploads\/2024\/05\/120096252_979869299198276_1576111934215233786_n-1.jpg 360w\" sizes=\"auto, (max-width: 480px) 150px\" src=\"https:\/\/ridl.pl\/wp-content\/uploads\/2024\/05\/120096252_979869299198276_1576111934215233786_n-1-1024x1024.jpg\" alt=\"\" class=\"uag-image-1608\" width=\"600\" height=\"350\" title=\"120096252_979869299198276_1576111934215233786_n-1\" loading=\"lazy\" role=\"img\"\/><\/figure><\/div>\n\n\n\n<div class=\"wp-block-uagb-advanced-heading uagb-block-f707ce13\"><h3 class=\"uagb-heading-text\">Instalacje Elektryczne<\/h3><p class=\"uagb-desc-text\">Specjalizujemy si\u0119 w kompleksowych instalacjach elektrycznych, zapewniaj\u0105c bezpiecze\u0144stwo i niezawodno\u015b\u0107 Twoich uk\u0142ad\u00f3w elektrycznych, zgodnie z najwy\u017cszymi standardami bezpiecze\u0144stwa i efektywno\u015bci energetycznej.<\/p><\/div>\n<\/div>\n<\/div>\n<\/div><\/div>\n\n\n\n<div class=\"wp-block-uagb-container uagb-block-2a9574c8 alignfull uagb-is-root-container\"><div class=\"uagb-container-inner-blocks-wrap\">\n<div class=\"wp-block-uagb-info-box uagb-block-871f6ba5 uagb-infobox__content-wrap  uagb-infobox-icon-above-title uagb-infobox-image-valign-top\">\n<div class=\"uagb-ifb-content\">\n<div class=\"uagb-ifb-title-wrap\">\n<h2 class=\"uagb-ifb-title\" style=\"text-align: center;\">Skorzystaj z Naszych Us\u0142ug<\/h2>\n<\/div>\n<p class=\"uagb-ifb-desc\" style=\"text-align: center;\">Nie czekaj d\u0142u\u017cej! Skontaktuj si\u0119 z nami, aby otrzyma\u0107 profesjonalne i kompleksowe rozwi\u0105zania instalacyjne.<\/p>\n<div class=\"uagb-ifb-button-wrapper wp-block-button\" style=\"text-align: center;\"><a class=\"uagb-infobox-cta-link wp-block-button__link\" href=\"http:\/\/ridl.pl\/?page_id=33\" target=\"_self\" rel=\"noopener noreferrer\"><span class=\"uagb-inline-editing\">Skontaktuj si\u0119<\/span><\/a><\/div>\n<\/div>\n<\/div>\n<\/div><\/div>\n","protected":false},"excerpt":{"rendered":"<p>Nasze Us\u0142ugi G\u0142\u00f3wne Us\u0142ugi Telewizja Przemys\u0142owa Zapewniamy profesjonalne doradztwo, monta\u017c nowoczesnych system\u00f3w monitoringu oraz wsparcie techniczne, daj\u0105c Ci pe\u0142ny wgl\u0105d [&hellip;]<\/p>\n","protected":false},"author":9,"featured_media":0,"parent":0,"menu_order":0,"comment_status":"closed","ping_status":"closed","template":"","meta":{"_uag_custom_page_level_css":"","site-sidebar-layout":"default","site-content-layout":"","ast-site-content-layout":"default","site-content-style":"default","site-sidebar-style":"default","ast-global-header-display":"","ast-banner-title-visibility":"","ast-main-header-display":"","ast-hfb-above-header-display":"","ast-hfb-below-header-display":"","ast-hfb-mobile-header-display":"","site-post-title":"disabled","ast-breadcrumbs-content":"","ast-featured-img":"","footer-sml-layout":"","ast-disable-related-posts":"","theme-transparent-header-meta":"","adv-header-id-meta":"","stick-header-meta":"","header-above-stick-meta":"","header-main-stick-meta":"","header-below-stick-meta":"","astra-migrate-meta-layouts":"set","ast-page-background-enabled":"default","ast-page-background-meta":{"desktop":{"background-color":"var(--ast-global-color-5)","background-image":"","background-repeat":"repeat","background-position":"center center","background-size":"auto","background-attachment":"scroll","background-type":"","background-media":"","overlay-type":"","overlay-color":"","overlay-opacity":"","overlay-gradient":""},"tablet":{"background-color":"","background-image":"","background-repeat":"repeat","background-position":"center center","background-size":"auto","background-attachment":"scroll","background-type":"","background-media":"","overlay-type":"","overlay-color":"","overlay-opacity":"","overlay-gradient":""},"mobile":{"background-color":"","background-image":"","background-repeat":"repeat","background-position":"center center","background-size":"auto","background-attachment":"scroll","background-type":"","background-media":"","overlay-type":"","overlay-color":"","overlay-opacity":"","overlay-gradient":""}},"ast-content-background-meta":{"desktop":{"background-color":"var(--ast-global-color-4)","background-image":"","background-repeat":"repeat","background-position":"center center","background-size":"auto","background-attachment":"scroll","background-type":"","background-media":"","overlay-type":"","overlay-color":"","overlay-opacity":"","overlay-gradient":""},"tablet":{"background-color":"var(--ast-global-color-4)","background-image":"","background-repeat":"repeat","background-position":"center center","background-size":"auto","background-attachment":"scroll","background-type":"","background-media":"","overlay-type":"","overlay-color":"","overlay-opacity":"","overlay-gradient":""},"mobile":{"background-color":"var(--ast-global-color-4)","background-image":"","background-repeat":"repeat","background-position":"center center","background-size":"auto","background-attachment":"scroll","background-type":"","background-media":"","overlay-type":"","overlay-color":"","overlay-opacity":"","overlay-gradient":""}},"footnotes":""},"class_list":["post-31","page","type-page","status-publish","hentry"],"uagb_featured_image_src":{"full":false,"thumbnail":false,"medium":false,"medium_large":false,"large":false,"1536x1536":false,"2048x2048":false},"uagb_author_info":{"display_name":"sJhZDGgrjQLD","author_link":"https:\/\/ridl.pl\/?author=9"},"uagb_comment_info":0,"uagb_excerpt":"Nasze Us\u0142ugi G\u0142\u00f3wne Us\u0142ugi Telewizja Przemys\u0142owa Zapewniamy profesjonalne doradztwo, monta\u017c nowoczesnych system\u00f3w monitoringu oraz wsparcie techniczne, daj\u0105c Ci pe\u0142ny wgl\u0105d [&hellip;]","_links":{"self":[{"href":"https:\/\/ridl.pl\/index.php?rest_route=\/wp\/v2\/pages\/31","targetHints":{"allow":["GET"]}}],"collection":[{"href":"https:\/\/ridl.pl\/index.php?rest_route=\/wp\/v2\/pages"}],"about":[{"href":"https:\/\/ridl.pl\/index.php?rest_route=\/wp\/v2\/types\/page"}],"author":[{"embeddable":true,"href":"https:\/\/ridl.pl\/index.php?rest_route=\/wp\/v2\/users\/9"}],"replies":[{"embeddable":true,"href":"https:\/\/ridl.pl\/index.php?rest_route=%2Fwp%2Fv2%2Fcomments&post=31"}],"version-history":[{"count":3,"href":"https:\/\/ridl.pl\/index.php?rest_route=\/wp\/v2\/pages\/31\/revisions"}],"predecessor-version":[{"id":1609,"href":"https:\/\/ridl.pl\/index.php?rest_route=\/wp\/v2\/pages\/31\/revisions\/1609"}],"wp:attachment":[{"href":"https:\/\/ridl.pl\/index.php?rest_route=%2Fwp%2Fv2%2Fmedia&parent=31"}],"curies":[{"name":"wp","href":"https:\/\/api.w.org\/{rel}","templated":true}]}}